{"id":565,"date":"2018-12-16T10:16:52","date_gmt":"2018-12-16T10:16:52","guid":{"rendered":"https:\/\/demo.keonthemes.com\/insurance-gravity\/?page_id=565"},"modified":"2022-12-08T16:47:34","modified_gmt":"2022-12-08T21:47:34","slug":"health-insurance-kfi-plus-box","status":"publish","type":"page","link":"https:\/\/mccannlaroche.ca\/en\/health-insurance-kfi-plus-box\/","title":{"rendered":"Assurance TEST"},"content":{"rendered":"<p>Home insurance is one of the most important insurance policies because it protects a huge investment as well as all your personal belongings.<strong>&nbsp;Several factors can influence your coverage and your premium. In order to have the best possible protection and avoid surprises, it is strongly recommended to deal with professionals who can guide you in your decision.<\/strong><\/p>\n\n\n\n<p>McCann Insurance offers you several insurance policies and protections to cover your residence, your accommodation, your condominium, your cottage, as well as your property, such as jewelry, furs, computers, boats, sports equipment, etc.<\/p>\n\n\n\n<p>Home insurance is divided into two sections: civil liability and building and property insurance.<\/p>\n\n\n\n<p>Civil liability&nbsp;<strong>protects you against all material damage and bodily harm caused to a third party.<\/strong>&nbsp;<strong>Elle vous<\/strong>&nbsp;couvre notamment contre les poursuites pour des blessures ou des dommages non intentionnels que vous pourriez causer aux autres ou \u00e0 leurs biens par votre n\u00e9gligence.<\/p>\n\n\n\n<p><strong>Building\/property insurance<\/strong>&nbsp;protects your home and your belongings. There are several protection plans, these plans may vary from one company to another. For example, it is important to determine whether an insured wants to cover water damage (sewer backup) because this loss is often excluded from basic coverage.<\/p>\n\n\n\n<p>In addition, several elements can reduce your premium. We take the time to check every variable in order to offer our customers the best possible premium. Here are some examples that could lower your premium:<\/p>\n\n\n\n<ul class=\"wp-block-list\"><li>No smokers in the house<\/li><li>Stability (living for more than 3 years at the same address)<\/li><li>Have car insurance with the same insurer<\/li><li>Have an alarm system<\/li><\/ul>\n\n\n\n<p>We know that it is not easy to assess the value of the personal property you own. To help you, you will find a property inventory form below. This form can help you determine the total value of your assets.<\/p>\n\n\n\n<div class=\"wp-block-buttons is-layout-flex wp-block-buttons-is-layout-flex\">\n<div class=\"wp-block-button has-custom-font-size is-style-outline has-regular-font-size is-style-outline--1\"><a class=\"wp-block-button__link has-white-color has-text-color has-background\" style=\"border-radius:35px;background-color:#227122\">Obtenez une soumission<\/a><\/div>\n<\/div>","protected":false},"excerpt":{"rendered":"<p>L&rsquo;assurance habitation est l&rsquo;une des assurances les plus importantes car elle prot\u00e8ge un \u00e9norme investissement ainsi que tous vos biens personnels.&nbsp;Plusieurs facteurs peuvent influencer vos protections et votre prime. Afin d&rsquo;avoir les meilleures protections possibles et \u00e9viter les surprises il est fortement recommand\u00e9 de transiger avec des professionnels qui pourront vous guider dans votre d\u00e9cision. [&hellip;]<\/p>","protected":false},"author":1,"featured_media":0,"parent":0,"menu_order":0,"comment_status":"closed","ping_status":"closed","template":"","meta":{"footnotes":""},"class_list":["post-565","page","type-page","status-publish","hentry"],"_links":{"self":[{"href":"https:\/\/mccannlaroche.ca\/en\/wp-json\/wp\/v2\/pages\/565","targetHints":{"allow":["GET"]}}],"collection":[{"href":"https:\/\/mccannlaroche.ca\/en\/wp-json\/wp\/v2\/pages"}],"about":[{"href":"https:\/\/mccannlaroche.ca\/en\/wp-json\/wp\/v2\/types\/page"}],"author":[{"embeddable":true,"href":"https:\/\/mccannlaroche.ca\/en\/wp-json\/wp\/v2\/users\/1"}],"replies":[{"embeddable":true,"href":"https:\/\/mccannlaroche.ca\/en\/wp-json\/wp\/v2\/comments?post=565"}],"version-history":[{"count":0,"href":"https:\/\/mccannlaroche.ca\/en\/wp-json\/wp\/v2\/pages\/565\/revisions"}],"wp:attachment":[{"href":"https:\/\/mccannlaroche.ca\/en\/wp-json\/wp\/v2\/media?parent=565"}],"curies":[{"name":"wp","href":"https:\/\/api.w.org\/{rel}","templated":true}]}}