{"id":12,"date":"2022-05-10T16:23:34","date_gmt":"2022-05-10T16:23:34","guid":{"rendered":"http:\/\/192.168.1.10\/wordpress\/?page_id=12"},"modified":"2022-10-22T14:10:47","modified_gmt":"2022-10-22T18:10:47","slug":"about-us","status":"publish","type":"page","link":"https:\/\/mccannlaroche.ca\/fr\/about-us\/","title":{"rendered":"A propos de nous"},"content":{"rendered":"\n<p><strong>Nous sommes plus qu&rsquo;une simple agence d&rsquo;assurance.<\/strong>. Nous aidons les gens et les entreprises \u00e0 trouver le bon produit d&rsquo;assurances.<\/p>\n\n\n\n<div class=\"wp-block-columns has-gray-background-color has-background is-layout-flex wp-container-core-columns-is-layout-9d6595d7 wp-block-columns-is-layout-flex\">\n<div class=\"wp-block-column is-layout-flow wp-block-column-is-layout-flow\">\n<h4 class=\"wp-block-heading\">Depuis 2001<\/h4>\n\n\n\n<p>Acme Marketing was founded by Leah Robinson in New York City.<\/p>\n<\/div>\n\n\n\n<div class=\"wp-block-column is-layout-flow wp-block-column-is-layout-flow\">\n<h4 class=\"wp-block-heading\">8 Experts<\/h4>\n\n\n\n<p>Nous sommes tr\u00e8s fiers de notre \u00e9quipe diversifi\u00e9e et talentueuse.<\/p>\n<\/div>\n\n\n\n<div class=\"wp-block-column is-layout-flow wp-block-column-is-layout-flow\">\n<h4 class=\"wp-block-heading\">Entreprise locale<\/h4>\n\n\n\n<p>Comme nous sommes pr\u00e8s de la comunaut\u00e9, nous comprenons les besoins de gens <strong>comme VOUS<\/strong>.<\/p>\n<\/div>\n<\/div>\n\n\n\n<blockquote class=\"wp-block-quote is-style-large is-layout-flow wp-block-quote-is-layout-flow\" id=\"output\"><p>Notre \u00e9quipe est motiv\u00e9e par votre succ\u00e8s. Chaque jour, nous vous soutiendrons et vous aiderons dans vos moments difficiles.<\/p><\/blockquote>\n\n\n\n<h2 class=\"has-text-align-center wp-block-heading\">Notre histoire<\/h2>\n\n\n\n<p>Lorem ipsum dolor sit amet, consectetur adipiscing elit, sed do eiusmod tempor incididunt ut labore et dolore magna aliqua. Ut enim ad minim veniam, quis nostrud exercitation ullamco laboris nisi ut aliquip ex ea commodo consequat. Duis aute irure dolor in reprehenderit in voluptate velit esse cillum dolore eu fugiat nulla pariatur. Excepteur sint occaecat cupidatat non proident, sunt in culpa qui officia deserunt mollit anim id est laborum.<\/p>\n\n\n\n<h2 class=\"has-text-align-center wp-block-heading\">Notre promesse<\/h2>\n\n\n\n<p>Lorem ipsum dolor sit amet, consectetur adipiscing elit, sed do eiusmod tempor incididunt ut labore et dolore magna aliqua. Ut enim ad minim veniam, quis nostrud exercitation ullamco laboris nisi ut aliquip ex ea commodo consequat. <\/p>\n","protected":false},"excerpt":{"rendered":"<p>Nous sommes plus qu&rsquo;une simple agence d&rsquo;assurance.. Nous aidons les gens et les entreprises \u00e0 trouver le bon produit d&rsquo;assurances. Depuis 2001 Acme Marketing was founded by Leah Robinson in New York City. 8 Experts Nous sommes tr\u00e8s fiers de notre \u00e9quipe diversifi\u00e9e et talentueuse. Entreprise locale Comme nous sommes pr\u00e8s de la comunaut\u00e9, nous [&hellip;]<\/p>\n","protected":false},"author":1,"featured_media":0,"parent":0,"menu_order":0,"comment_status":"closed","ping_status":"closed","template":"","meta":{"footnotes":""},"class_list":["post-12","page","type-page","status-publish","hentry"],"_links":{"self":[{"href":"https:\/\/mccannlaroche.ca\/fr\/wp-json\/wp\/v2\/pages\/12","targetHints":{"allow":["GET"]}}],"collection":[{"href":"https:\/\/mccannlaroche.ca\/fr\/wp-json\/wp\/v2\/pages"}],"about":[{"href":"https:\/\/mccannlaroche.ca\/fr\/wp-json\/wp\/v2\/types\/page"}],"author":[{"embeddable":true,"href":"https:\/\/mccannlaroche.ca\/fr\/wp-json\/wp\/v2\/users\/1"}],"replies":[{"embeddable":true,"href":"https:\/\/mccannlaroche.ca\/fr\/wp-json\/wp\/v2\/comments?post=12"}],"version-history":[{"count":0,"href":"https:\/\/mccannlaroche.ca\/fr\/wp-json\/wp\/v2\/pages\/12\/revisions"}],"wp:attachment":[{"href":"https:\/\/mccannlaroche.ca\/fr\/wp-json\/wp\/v2\/media?parent=12"}],"curies":[{"name":"wp","href":"https:\/\/api.w.org\/{rel}","templated":true}]}}