{"id":187,"date":"2018-10-05T10:20:19","date_gmt":"2018-10-05T10:20:19","guid":{"rendered":"https:\/\/demo.keonthemes.com\/insurance-gravity\/?page_id=187"},"modified":"2024-05-14T11:34:23","modified_gmt":"2024-05-14T15:34:23","slug":"support-for-your-vehicles","status":"publish","type":"page","link":"https:\/\/mccannlaroche.ca\/fr\/support-for-your-vehicles\/","title":{"rendered":"Assurance v\u00e9hicules r\u00e9cr\u00e9atifs"},"content":{"rendered":"\r\n<h2 class=\"wp-block-heading has-text-align-center\" style=\"font-size: 28px; font-style: normal; font-weight: 500;\">Partez \u00e0 l&rsquo;aventure sans souci <br \/>gr\u00e2ce \u00e0 notre assurance pour vos v\u00e9hicules de loisirs.<\/h2>\r\n\r\n\r\n\r\n<h4 class=\"wp-block-heading\" style=\"font-size: 18px;\"><strong>Chez \u00a0Assurance McCann Laroche<span style=\"color: #344c5c;\">\u00a0<\/span>nous vous offrons plusieurs produits adapter pour tous vos loisirs pr\u00e9f\u00e9r\u00e9s. De la motocyclette a la motoneige, jusqu&rsquo;au bateau, <span style=\"color: #344c5c;\">nous vous offrons la tranquillit\u00e9 d&rsquo;esprit<\/span>, vous permettant de vivre vos passions pleinement.<\/strong><\/h4>\r\n\r\n\r\n\r\n<p>&nbsp;<\/p>\r\n\r\n\r\n\r\n<h3 class=\"wp-block-heading\"><img decoding=\"async\" class=\"wp-image-2861\" style=\"width: 60px;\" src=\"https:\/\/mccannlaroche.ca\/wp-content\/uploads\/2023\/04\/Shield-moto-bleu-transparent.png\" alt=\"\" \/>MOTOCYCLETTE, MOTONEIGE ET VTT<\/h3>\r\n\r\n\r\n\r\n<p style=\"font-size: 18px;\"><strong>Nous offrons plusieurs produits adapter \u00e0 tous vos v\u00e9hicules r\u00e9cr\u00e9atifs de la motocyclette, \u00e0 la motoneige jusqu&rsquo;au v\u00e9hicule tout-terrain. nous experts se ferons un plaisirs \u00e0 vous offrir une assurance taill\u00e9 sur mesure \u00e0 vos besoins.<\/strong><\/p>\r\n\r\n\r\n\r\n<div class=\"wp-block-buttons is-layout-flex wp-block-buttons-is-layout-flex\">\r\n<div class=\"wp-block-button has-custom-font-size is-style-fill has-regular-font-size\"><a class=\"wp-block-button__link has-background wp-element-button\" style=\"border-radius: 45px; background-color: #446781;\" href=\"https:\/\/mccannlaroche.ca\/?page_id=2723\" target=\"_blank\" rel=\"noreferrer noopener\">Demandez une soumission<\/a><\/div>\r\n<\/div>\r\n\r\n\r\n\r\n<p>&nbsp;<\/p>\r\n\r\n\r\n\r\n<h3 class=\"wp-block-heading\"><img decoding=\"async\" class=\"wp-image-2862\" style=\"width: 55px;\" src=\"https:\/\/mccannlaroche.ca\/wp-content\/uploads\/2023\/04\/shield-VR-bleu-transparent.png\" alt=\"\" \/> CARAVAN, ROULOTTE ET TENTE-ROULOTTE<\/h3>\r\n\r\n\r\n\r\n<p style=\"font-size: 18px;\"><strong>McCann Assurance c&rsquo;est associer a plusieurs assureurs sp\u00e9cialis\u00e9s pour les fanatiques de caravaning et camping. Nous pouvons vous offrir des produits adapter a votre style de vie ou d&rsquo;utilisation de votre VR et ce a des prix tr\u00e8s comp\u00e9titifs. <\/strong><\/p>\r\n\r\n\r\n\r\n<div class=\"wp-block-buttons is-layout-flex wp-block-buttons-is-layout-flex\">\r\n<div class=\"wp-block-button has-custom-font-size is-style-fill has-regular-font-size\"><a class=\"wp-block-button__link has-background wp-element-button\" style=\"border-radius: 45px; background-color: #446781;\" href=\"https:\/\/mccannlaroche.ca\/?page_id=2723\" target=\"_blank\" rel=\"noreferrer noopener\">Demandez une soumission<\/a><\/div>\r\n<\/div>\r\n\r\n\r\n\r\n<p>&nbsp;<\/p>\r\n\r\n\r\n\r\n<h3 class=\"wp-block-heading\"><img decoding=\"async\" class=\"wp-image-2862\" style=\"width: 55px;\" src=\"https:\/\/mccannlaroche.ca\/wp-content\/uploads\/2023\/04\/shield-bateau-bleu-transparent.png\" alt=\"\" \/> BATEAUX ET EMBARQUEMENT DE PLAISANCE<\/h3>\r\n\r\n\r\n\r\n<p style=\"font-size: 18px;\"><strong>Nos produits d&rsquo;assurances maritimes couvre un grande vari\u00e9t\u00e9 d&#8217;embarcation : <\/strong><\/p>\r\n\r\n\r\n\r\n<p style=\"font-size: 18px;\"><strong>Yacht &#8211; Ponton &#8211; Cruiser &#8211; Voiliers &#8211; Motomarine et plusieurs autres<\/strong><\/p>\r\n\r\n\r\n\r\n<div class=\"wp-block-buttons is-layout-flex wp-block-buttons-is-layout-flex\">\r\n<div class=\"wp-block-button has-custom-font-size is-style-fill has-regular-font-size\"><a class=\"wp-block-button__link has-background wp-element-button\" style=\"border-radius: 45px; background-color: #446781;\" href=\"https:\/\/mccannlaroche.ca\/?page_id=2723\" target=\"_blank\" rel=\"noreferrer noopener\">Demandez une soumission<\/a><\/div>\r\n<\/div>\r\n\r\n\r\n\r\n<p>&nbsp;<\/p>\r\n","protected":false},"excerpt":{"rendered":"<p>Partez \u00e0 l&rsquo;aventure sans souci gr\u00e2ce \u00e0 notre assurance pour vos v\u00e9hicules de loisirs. Chez \u00a0Assurance McCann Laroche\u00a0nous vous offrons plusieurs produits adapter pour tous vos loisirs pr\u00e9f\u00e9r\u00e9s. De la motocyclette a la motoneige, jusqu&rsquo;au bateau, nous vous offrons la tranquillit\u00e9 d&rsquo;esprit, vous permettant de vivre vos passions pleinement. &nbsp; MOTOCYCLETTE, MOTONEIGE ET VTT Nous [&hellip;]<\/p>\n","protected":false},"author":1,"featured_media":0,"parent":0,"menu_order":0,"comment_status":"closed","ping_status":"closed","template":"","meta":{"footnotes":""},"class_list":["post-187","page","type-page","status-publish","hentry"],"_links":{"self":[{"href":"https:\/\/mccannlaroche.ca\/fr\/wp-json\/wp\/v2\/pages\/187","targetHints":{"allow":["GET"]}}],"collection":[{"href":"https:\/\/mccannlaroche.ca\/fr\/wp-json\/wp\/v2\/pages"}],"about":[{"href":"https:\/\/mccannlaroche.ca\/fr\/wp-json\/wp\/v2\/types\/page"}],"author":[{"embeddable":true,"href":"https:\/\/mccannlaroche.ca\/fr\/wp-json\/wp\/v2\/users\/1"}],"replies":[{"embeddable":true,"href":"https:\/\/mccannlaroche.ca\/fr\/wp-json\/wp\/v2\/comments?post=187"}],"version-history":[{"count":0,"href":"https:\/\/mccannlaroche.ca\/fr\/wp-json\/wp\/v2\/pages\/187\/revisions"}],"wp:attachment":[{"href":"https:\/\/mccannlaroche.ca\/fr\/wp-json\/wp\/v2\/media?parent=187"}],"curies":[{"name":"wp","href":"https:\/\/api.w.org\/{rel}","templated":true}]}}