{"id":199,"date":"2018-10-05T12:08:21","date_gmt":"2018-10-05T12:08:21","guid":{"rendered":"https:\/\/demo.keonthemes.com\/insurance-gravity\/?page_id=199"},"modified":"2023-04-23T23:05:11","modified_gmt":"2023-04-24T03:05:11","slug":"sea-delivery","status":"publish","type":"page","link":"https:\/\/mccannlaroche.ca\/fr\/sea-delivery\/","title":{"rendered":"R\u00e9clamations"},"content":{"rendered":"\n<h1 class=\"wp-block-heading\">QUOI FAIRE LORS D\u2019UNE R\u00c9CLAMATIONS<\/h1>\n\n\n\n<p><strong><font color=\"#344c5c\">Avisez-nous le plus rapidement possible.<\/font><\/strong><\/p>\n\n\n\n<p><strong>Nous sommes pr\u00e9sent pour vous aidez tout au long&nbsp; de votre r\u00e9clamations. Votre courtier pourra analyser votre r\u00e9clamation et vous mettre en contact avec votre assureur si n\u00e9cessaire.<\/strong><\/p>\n\n\n\n<p><strong>Si votre r\u00e9clamation arrive \u00e0 l&rsquo;ext\u00e9rieur<\/strong> <strong>des heures d\u2019ouverture du bureau ou si vous n\u2019\u00eates pas en mesure de communiquer avec nous, vous pouvez communiquer directement avec votre assureur.<\/strong><\/p>\n\n\n\n<p><\/p>\n\n\n\n<h2 class=\"wp-block-heading\">ASSUREURS<\/h2>\n\n\n\n<div class=\"wp-block-columns is-layout-flex wp-container-core-columns-is-layout-9d6595d7 wp-block-columns-is-layout-flex\">\n<div class=\"wp-block-column is-layout-flow wp-block-column-is-layout-flow\">\n<p><strong>AVIVA&nbsp;<a font=\"\" style=\"#344c5c\" href=\"tel:\/\/18666928482\">1&nbsp;866&nbsp; 692-8482<\/a><\/strong><\/p>\n\n\n\n<hr class=\"wp-block-separator has-alpha-channel-opacity\"\/>\n\n\n\n<p><strong>UNIQUE ASSURANCE&nbsp;<a href=\"tel:\/\/18004634800\" style=\"color: 344c5c\">1&nbsp;800&nbsp;463-4800<\/a><\/strong><\/p>\n\n\n\n<hr class=\"wp-block-separator has-alpha-channel-opacity\"\/>\n\n\n\n<p><strong>INTACT ASSURANCE&nbsp;<a href=\"tel:\/\/18664642424\" style=\"color: 344c5c\">1&nbsp;866&nbsp;464-2424<\/a><\/strong><\/p>\n\n\n\n<hr class=\"wp-block-separator has-alpha-channel-opacity\"\/>\n\n\n\n<p><strong>ECONOMICAL \/ DEFINITY <a href=\"tel:\/\/18888758088\" style=\"color: 344c5c\">1&nbsp;888&nbsp;875-8088<\/a><\/strong><\/p>\n\n\n\n<hr class=\"wp-block-separator has-alpha-channel-opacity\"\/>\n\n\n\n<p><strong>ENCON&nbsp;<a href=\"tel:\/\/18002676684\" style=\"color: 344c5c\">1&nbsp;800&nbsp;267-6684<\/a><\/strong><\/p>\n\n\n\n<hr class=\"wp-block-separator has-alpha-channel-opacity\"\/>\n\n\n\n<p><strong>CIME&nbsp;<a style=\"color: 344c5c\" href=\"tel:\/\/18668202463\">1&nbsp;866&nbsp;820-2463<\/a><\/strong><\/p>\n<\/div>\n\n\n\n<div class=\"wp-block-column is-layout-flow wp-block-column-is-layout-flow\">\n<p><strong>ECHELON&nbsp;<a style=\"color: 344c5c\" href=\"tel:\/\/18669310570\">1&nbsp;866&nbsp;931-0570<\/a><\/strong><\/p>\n\n\n\n<hr class=\"wp-block-separator has-alpha-channel-opacity\"\/>\n\n\n\n<p><strong>NOVAPRO&nbsp;<a href=\"tel:\/\/14507668998\" style=\"color: 344c5c\">1&nbsp;450&nbsp;766-8998<\/a><\/strong><\/p>\n\n\n\n<hr class=\"wp-block-separator has-alpha-channel-opacity\"\/>\n\n\n\n<p><strong>PAFCO <a href=\"tel:\/\/18774632727\" style=\"color: 344c5c\">1&nbsp;877&nbsp;463-2727<\/a><\/strong><\/p>\n\n\n\n<hr class=\"wp-block-separator has-alpha-channel-opacity\"\/>\n\n\n\n<p><strong>SOUTH WESTERN&nbsp;<a href=\"tel:\/\/18773292794\" style=\"color: 344c5c\">1&nbsp;877&nbsp;329-2794<\/a><\/strong><\/p>\n\n\n\n<hr class=\"wp-block-separator has-alpha-channel-opacity\"\/>\n\n\n\n<p><strong>CFC UNDERWRITING&nbsp;<a style=\"color: 344c5c\" href=\"tel:\/\/18002672289\">1&nbsp;800&nbsp;267-2289<\/a><\/strong><\/p>\n<\/div>\n<\/div>\n","protected":false},"excerpt":{"rendered":"<p>QUOI FAIRE LORS D\u2019UNE R\u00c9CLAMATIONS Avisez-nous le plus rapidement possible. Nous sommes pr\u00e9sent pour vous aidez tout au long&nbsp; de votre r\u00e9clamations. Votre courtier pourra analyser votre r\u00e9clamation et vous mettre en contact avec votre assureur si n\u00e9cessaire. Si votre r\u00e9clamation arrive \u00e0 l&rsquo;ext\u00e9rieur des heures d\u2019ouverture du bureau ou si vous n\u2019\u00eates pas en [&hellip;]<\/p>\n","protected":false},"author":1,"featured_media":507,"parent":0,"menu_order":0,"comment_status":"closed","ping_status":"closed","template":"","meta":{"footnotes":""},"class_list":["post-199","page","type-page","status-publish","has-post-thumbnail","hentry"],"_links":{"self":[{"href":"https:\/\/mccannlaroche.ca\/fr\/wp-json\/wp\/v2\/pages\/199","targetHints":{"allow":["GET"]}}],"collection":[{"href":"https:\/\/mccannlaroche.ca\/fr\/wp-json\/wp\/v2\/pages"}],"about":[{"href":"https:\/\/mccannlaroche.ca\/fr\/wp-json\/wp\/v2\/types\/page"}],"author":[{"embeddable":true,"href":"https:\/\/mccannlaroche.ca\/fr\/wp-json\/wp\/v2\/users\/1"}],"replies":[{"embeddable":true,"href":"https:\/\/mccannlaroche.ca\/fr\/wp-json\/wp\/v2\/comments?post=199"}],"version-history":[{"count":0,"href":"https:\/\/mccannlaroche.ca\/fr\/wp-json\/wp\/v2\/pages\/199\/revisions"}],"wp:featuredmedia":[{"embeddable":true,"href":"https:\/\/mccannlaroche.ca\/fr\/wp-json\/"}],"wp:attachment":[{"href":"https:\/\/mccannlaroche.ca\/fr\/wp-json\/wp\/v2\/media?parent=199"}],"curies":[{"name":"wp","href":"https:\/\/api.w.org\/{rel}","templated":true}]}}