{"id":2513,"date":"2018-08-01T07:45:15","date_gmt":"2018-08-01T07:45:15","guid":{"rendered":"https:\/\/demo.keonthemes.com\/insurance-gravity\/?page_id=10"},"modified":"2024-05-14T13:28:49","modified_gmt":"2024-05-14T17:28:49","slug":"international-transport","status":"publish","type":"page","link":"https:\/\/mccannlaroche.ca\/fr\/international-transport\/","title":{"rendered":"Assurance habitation"},"content":{"rendered":"\t\t<div data-elementor-type=\"wp-page\" data-elementor-id=\"2513\" class=\"elementor elementor-2513\" data-elementor-post-type=\"page\">\n\t\t\t\t\t\t<section class=\"elementor-section elementor-top-section elementor-element elementor-element-44523907 elementor-section-boxed elementor-section-height-default elementor-section-height-default\" data-id=\"44523907\" data-element_type=\"section\">\n\t\t\t\t\t\t<div class=\"elementor-container elementor-column-gap-default\">\n\t\t\t\t\t<div class=\"elementor-column elementor-col-100 elementor-top-column elementor-element elementor-element-767e8700\" data-id=\"767e8700\" data-element_type=\"column\">\n\t\t\t<div class=\"elementor-widget-wrap elementor-element-populated\">\n\t\t\t\t\t\t<div class=\"elementor-element elementor-element-1ac561fd elementor-widget elementor-widget-text-editor\" data-id=\"1ac561fd\" data-element_type=\"widget\" data-widget_type=\"text-editor.default\">\n\t\t\t\t<div class=\"elementor-widget-container\">\n\t\t\t<style>\/*! elementor - v3.21.0 - 08-05-2024 *\/\n.elementor-widget-text-editor.elementor-drop-cap-view-stacked .elementor-drop-cap{background-color:#69727d;color:#fff}.elementor-widget-text-editor.elementor-drop-cap-view-framed .elementor-drop-cap{color:#69727d;border:3px solid;background-color:transparent}.elementor-widget-text-editor:not(.elementor-drop-cap-view-default) .elementor-drop-cap{margin-top:8px}.elementor-widget-text-editor:not(.elementor-drop-cap-view-default) .elementor-drop-cap-letter{width:1em;height:1em}.elementor-widget-text-editor .elementor-drop-cap{float:left;text-align:center;line-height:1;font-size:50px}.elementor-widget-text-editor .elementor-drop-cap-letter{display:inline-block}<\/style>\t\t\t\t<p><!-- wp:heading {\"textAlign\":\"center\",\"style\":{\"typography\":{\"fontSize\":\"28px\",\"fontStyle\":\"normal\",\"fontWeight\":\"500\"}}} --><\/p>\n<h2 class=\"wp-block-heading has-text-align-center\" style=\"font-size: 28px; font-style: normal; font-weight: 500;\">Nous prenons soin de votre maison comme si c&rsquo;\u00e9tait la n\u00f4tre.<\/h2>\n<p><!-- \/wp:heading --><!-- wp:paragraph {\"style\":{\"typography\":{\"fontSize\":\"18px\"}}} --><\/p>\n<p style=\"font-size: 18px;\"><strong>L\u2019assurance habitation est l\u2019une des assurances les plus importantes car elle prot\u00e8ge un \u00e9norme investissement ainsi que tous vos biens personnels.&nbsp;<span style=\"color: #344c5c;\">Plusieurs facteurs peuvent influencer vos protections et votre prime. Afin d\u2019avoir les meilleures protections possibles et \u00e9viter les surprises il est fortement recommand\u00e9 de transiger avec des professionnels qui pourront vous guider dans votre d\u00e9cision.<\/span><\/strong><\/p>\n<p><!-- \/wp:paragraph --><!-- wp:paragraph {\"style\":{\"typography\":{\"fontSize\":\"18px\"}}} --><\/p>\n<p style=\"font-size: 18px;\"><strong><em>Assurance McCann Laroche<\/em> vous offre plusieurs polices d\u2019assurance et protections pour couvrir votre r\u00e9sidence, votre logement, votre condominium, votre chalet, ainsi que vos biens, tel que bijoux, fourrures, ordinateurs, embarcations, \u00e9quipement de sport, etc.<\/strong><\/p>\n<p><!-- \/wp:paragraph --><!-- wp:paragraph {\"style\":{\"typography\":{\"fontSize\":\"18px\"}}} --><\/p>\n<p style=\"font-size: 18px;\"><strong>L\u2019assurance habitation est divis\u00e9e en deux sections soit la responsabilit\u00e9 civile et l\u2019assurance b\u00e2timent et biens.<\/strong><\/p>\n<p><!-- \/wp:paragraph --><!-- wp:paragraph {\"style\":{\"typography\":{\"fontSize\":\"18px\"}}} --><\/p>\n<p style=\"font-size: 18px;\"><strong>La responsabilit\u00e9 civile&nbsp;<span style=\"color: #344c5c;\">vous prot\u00e8ge contre tous dommages mat\u00e9riels et corporels caus\u00e9s \u00e0 un tiers.<\/span>&nbsp;Elle vous&nbsp;couvre notamment contre les poursuites pour des blessures ou des dommages non intentionnels que vous pourriez causer aux autres ou \u00e0 leurs biens par votre n\u00e9gligence.<\/strong><\/p>\n<p><!-- \/wp:paragraph --><!-- wp:paragraph {\"style\":{\"typography\":{\"fontSize\":\"18px\"}}} --><\/p>\n<p style=\"font-size: 18px;\"><strong><span style=\"color: #344c5c;\">L\u2019assurance du b\u00e2timent\/biens<\/span>&nbsp;prot\u00e8ge votre maison ainsi que vos biens. Il existe plusieurs plans de protections,&nbsp;ces plans peuvent varier d\u2019une compagnie \u00e0 l\u2019autre. Par exemple, il est important de d\u00e9terminer si un assur\u00e9 veut couvrir les dommages par eau (refoulement d\u2019\u00e9gout) car ce sinistre est souvent exclu des protections de base.<\/strong><\/p>\n<p><!-- \/wp:paragraph --><!-- wp:paragraph {\"style\":{\"typography\":{\"fontSize\":\"18px\"}}} --><\/p>\n<p style=\"font-size: 18px;\"><strong>De plus, plusieurs \u00e9l\u00e9ments peuvent faire diminuer votre prime. Nous prenons le temps de v\u00e9rifier chaque variable afin d\u2019offrir \u00e0 nos clients la meilleure prime possible. Voici quelques exemples qui pourraient faire baisser votre prime :<\/strong><\/p>\n<p><!-- \/wp:paragraph --><!-- wp:list {\"style\":{\"typography\":{\"fontSize\":\"18px\"}},\"textColor\":\"black\"} --><\/p>\n<ul class=\"has-black-color has-text-color\" style=\"font-size: 18px;\"><!-- wp:list-item --><p><\/p>\n<li><strong>Aucun fumeur dans la maison<\/strong><\/li>\n<p><!-- \/wp:list-item --><!-- wp:list-item --><\/p>\n<li><strong>Stabilit\u00e9 (vivre plus de 3 ans \u00e0 la m\u00eame adresse)<\/strong><\/li>\n<p><!-- \/wp:list-item --><!-- wp:list-item --><\/p>\n<li><strong>Avoir une assurance automobile avec le m\u00eame assureur<\/strong><\/li>\n<p><!-- \/wp:list-item --><!-- wp:list-item --><\/p>\n<li><strong>Avoir un syst\u00e8me d\u2019alarme<\/strong><\/li>\n<p><!-- \/wp:list-item --><\/p><\/ul>\n<p><!-- \/wp:list --><!-- wp:paragraph {\"style\":{\"typography\":{\"fontSize\":\"18px\"}}} --><\/p>\n<p style=\"font-size: 18px;\"><strong>Nous savons qu\u2019il n\u2019est pas facile d\u2019\u00e9valuer la valeur des biens-meubles que vous poss\u00e9dez. Afin de vous aider, vous trouverez plus bas un formulaire d\u2019inventaire de biens. Ce formulaire peut vous aider \u00e0 d\u00e9terminer la valeur totale de vos biens.<\/strong><\/p><div class=\"wp-block-buttons\">\n<p><!-- \/wp:button --><\/p><\/div>\n<p><!-- \/wp:buttons --><\/p>\t\t\t\t\t\t<\/div>\n\t\t\t\t<\/div>\n\t\t\t\t<div class=\"elementor-element elementor-element-3f154b8 elementor-widget elementor-widget-button\" data-id=\"3f154b8\" data-element_type=\"widget\" data-widget_type=\"button.default\">\n\t\t\t\t<div class=\"elementor-widget-container\">\n\t\t\t\t\t<div class=\"elementor-button-wrapper\">\n\t\t\t<a class=\"elementor-button elementor-button-link elementor-size-sm\" href=\"https:\/\/mccannlaroche.ca\/fr\/contact-us\/\">\n\t\t\t\t\t\t<span class=\"elementor-button-content-wrapper\">\n\t\t\t\t\t\t\t\t\t<span class=\"elementor-button-text\">Obtenir une soumission<\/span>\n\t\t\t\t\t<\/span>\n\t\t\t\t\t<\/a>\n\t\t<\/div>\n\t\t\t\t<\/div>\n\t\t\t\t<\/div>\n\t\t\t\t\t<\/div>\n\t\t<\/div>\n\t\t\t\t\t<\/div>\n\t\t<\/section>\n\t\t\t\t<\/div>\n\t\t","protected":false},"excerpt":{"rendered":"<p>Nous prenons soin de votre maison comme si c&rsquo;\u00e9tait la n\u00f4tre. L\u2019assurance habitation est l\u2019une des assurances les plus importantes car elle prot\u00e8ge un \u00e9norme investissement ainsi que tous vos biens personnels.&nbsp;Plusieurs facteurs peuvent influencer vos protections et votre prime. Afin d\u2019avoir les meilleures protections possibles et \u00e9viter les surprises il est fortement recommand\u00e9 de [&hellip;]<\/p>\n","protected":false},"author":1,"featured_media":0,"parent":0,"menu_order":0,"comment_status":"closed","ping_status":"closed","template":"","meta":{"footnotes":""},"class_list":["post-2513","page","type-page","status-publish","hentry"],"_links":{"self":[{"href":"https:\/\/mccannlaroche.ca\/fr\/wp-json\/wp\/v2\/pages\/2513","targetHints":{"allow":["GET"]}}],"collection":[{"href":"https:\/\/mccannlaroche.ca\/fr\/wp-json\/wp\/v2\/pages"}],"about":[{"href":"https:\/\/mccannlaroche.ca\/fr\/wp-json\/wp\/v2\/types\/page"}],"author":[{"embeddable":true,"href":"https:\/\/mccannlaroche.ca\/fr\/wp-json\/wp\/v2\/users\/1"}],"replies":[{"embeddable":true,"href":"https:\/\/mccannlaroche.ca\/fr\/wp-json\/wp\/v2\/comments?post=2513"}],"version-history":[{"count":0,"href":"https:\/\/mccannlaroche.ca\/fr\/wp-json\/wp\/v2\/pages\/2513\/revisions"}],"wp:attachment":[{"href":"https:\/\/mccannlaroche.ca\/fr\/wp-json\/wp\/v2\/media?parent=2513"}],"curies":[{"name":"wp","href":"https:\/\/api.w.org\/{rel}","templated":true}]}}