{"id":26,"date":"2018-08-01T07:45:46","date_gmt":"2018-08-01T11:45:46","guid":{"rendered":"https:\/\/demo.keonthemes.com\/insurance-gravity\/?page_id=26"},"modified":"2024-05-14T13:32:14","modified_gmt":"2024-05-14T17:32:14","slug":"safe-secure-delivery","status":"publish","type":"page","link":"https:\/\/mccannlaroche.ca\/fr\/safe-secure-delivery\/","title":{"rendered":"Assurance des entreprises"},"content":{"rendered":"\t\t<div data-elementor-type=\"wp-page\" data-elementor-id=\"26\" class=\"elementor elementor-26\" data-elementor-post-type=\"page\">\n\t\t\t\t\t\t<section class=\"elementor-section elementor-top-section elementor-element elementor-element-3b910882 elementor-section-boxed elementor-section-height-default elementor-section-height-default\" data-id=\"3b910882\" data-element_type=\"section\">\n\t\t\t\t\t\t<div class=\"elementor-container elementor-column-gap-default\">\n\t\t\t\t\t<div class=\"elementor-column elementor-col-100 elementor-top-column elementor-element elementor-element-30d9e7f1\" data-id=\"30d9e7f1\" data-element_type=\"column\">\n\t\t\t<div class=\"elementor-widget-wrap elementor-element-populated\">\n\t\t\t\t\t\t<div class=\"elementor-element elementor-element-79ed2049 elementor-widget elementor-widget-text-editor\" data-id=\"79ed2049\" data-element_type=\"widget\" data-widget_type=\"text-editor.default\">\n\t\t\t\t<div class=\"elementor-widget-container\">\n\t\t\t<style>\/*! elementor - v3.21.0 - 08-05-2024 *\/\n.elementor-widget-text-editor.elementor-drop-cap-view-stacked .elementor-drop-cap{background-color:#69727d;color:#fff}.elementor-widget-text-editor.elementor-drop-cap-view-framed .elementor-drop-cap{color:#69727d;border:3px solid;background-color:transparent}.elementor-widget-text-editor:not(.elementor-drop-cap-view-default) .elementor-drop-cap{margin-top:8px}.elementor-widget-text-editor:not(.elementor-drop-cap-view-default) .elementor-drop-cap-letter{width:1em;height:1em}.elementor-widget-text-editor .elementor-drop-cap{float:left;text-align:center;line-height:1;font-size:50px}.elementor-widget-text-editor .elementor-drop-cap-letter{display:inline-block}<\/style>\t\t\t\t<!-- wp:heading {\"textAlign\":\"center\"} -->\n<h2 class=\"wp-block-heading has-text-align-center\">Assurez l&rsquo;avenir de votre entreprise avec notre assurance commerciale sur mesure.<\/h2>\n<!-- \/wp:heading --><!-- wp:paragraph {\"style\":{\"typography\":{\"fontSize\":\"18px\"}},\"textColor\":\"black\"} -->\n<p class=\"has-black-color has-text-color\" style=\"font-size: 18px;\"><strong><span style=\"color: #344c5c;\">Assurance McCann Laroche se sp\u00e9cialise aussi en assurance d&rsquo;entreprise.<\/span> Nous comprenons que maintenir et b\u00e2tir une entreprise requi\u00e8rent beaucoup d&rsquo;effort. Voila pourquoi il est important de prot\u00e9ger vos investissements.<\/strong><\/p>\n<!-- \/wp:paragraph --><!-- wp:paragraph {\"style\":{\"typography\":{\"fontSize\":\"18px\"}},\"textColor\":\"black\"} -->\n<p class=\"has-black-color has-text-color\" style=\"font-size: 18px;\"><strong>Notre expertise nous permet d&rsquo;assurer la grande majorit\u00e9 des entreprises qu&rsquo;elle soit petite, moyenne ou grande. La diversit\u00e9 de nos assureurs nous permet de vous offrir la protection la mieux adapt\u00e9e \u00e0 votre compagnie.<\/strong><\/p>\n<!-- \/wp:paragraph --><!-- wp:paragraph {\"style\":{\"typography\":{\"fontSize\":\"18px\"}}} -->\n<p style=\"font-size: 18px;\"><strong><span style=\"color: #344c5c;\">Nous offrons des produits adapt\u00e9s \u00e0 une panoplie d&rsquo;entreprise diff\u00e9rente.<\/span><\/strong><\/p>\n<!-- \/wp:paragraph --><!-- wp:list {\"style\":{\"typography\":{\"fontSize\":\"18px\"}},\"textColor\":\"black\"} -->\n<ul class=\"has-black-color has-text-color\" style=\"font-size: 18px;\"><!-- wp:list-item -->\n<li><strong>Entrepreneur g\u00e9n\u00e9rale<\/strong><\/li>\n<!-- \/wp:list-item --><!-- wp:list-item -->\n<li><strong>Bureau professionnel (Avocat, Courtier, Dentiste&#8230;)<\/strong><\/li>\n<!-- \/wp:list-item --><!-- wp:list-item -->\n<li><strong>Salon de beaut\u00e9\/coiffure<\/strong><\/li>\n<!-- \/wp:list-item --><!-- wp:list-item -->\n<li><strong>Restaurant<\/strong><\/li>\n<!-- \/wp:list-item --><!-- wp:list-item -->\n<li><strong>Placement de personnel<\/strong><\/li>\n<!-- \/wp:list-item --><!-- wp:list-item -->\n<li><strong>M\u00e9tier en construction (\u00e9lectricien, peinture&#8230;)<\/strong><\/li>\n<!-- \/wp:list-item --><!-- wp:list-item -->\n<li><strong>Immeuble commercial<\/strong><\/li>\n<!-- \/wp:list-item --><!-- wp:list-item -->\n<li><strong>Flotte de v\u00e9hicule<\/strong><\/li>\n<!-- \/wp:list-item --><!-- wp:list-item -->\n<li><strong>et plusieurs autres domaines<\/strong><\/li>\n<!-- \/wp:list-item --><\/ul>\n<!-- \/wp:list --><!-- wp:buttons -->\n<div class=\"wp-block-buttons\"><!-- wp:button {\"style\":{\"border\":{\"radius\":\"45px\"},\"color\":{\"background\":\"#446781\"},\"typography\":{\"fontStyle\":\"normal\",\"fontWeight\":\"700\"}},\"fontSize\":\"regular\"} --><!-- \/wp:button --><\/div>\n<!-- \/wp:buttons -->\t\t\t\t\t\t<\/div>\n\t\t\t\t<\/div>\n\t\t\t\t<div class=\"elementor-element elementor-element-a9d063e elementor-widget elementor-widget-button\" data-id=\"a9d063e\" data-element_type=\"widget\" data-widget_type=\"button.default\">\n\t\t\t\t<div class=\"elementor-widget-container\">\n\t\t\t\t\t<div class=\"elementor-button-wrapper\">\n\t\t\t<a class=\"elementor-button elementor-button-link elementor-size-sm\" href=\"https:\/\/mccannlaroche.ca\/fr\/contact-us\/\">\n\t\t\t\t\t\t<span class=\"elementor-button-content-wrapper\">\n\t\t\t\t\t\t\t\t\t<span class=\"elementor-button-text\">Obtenir une soumission<\/span>\n\t\t\t\t\t<\/span>\n\t\t\t\t\t<\/a>\n\t\t<\/div>\n\t\t\t\t<\/div>\n\t\t\t\t<\/div>\n\t\t\t\t\t<\/div>\n\t\t<\/div>\n\t\t\t\t\t<\/div>\n\t\t<\/section>\n\t\t\t\t<\/div>\n\t\t","protected":false},"excerpt":{"rendered":"<p>Assurez l&rsquo;avenir de votre entreprise avec notre assurance commerciale sur mesure. Assurance McCann Laroche se sp\u00e9cialise aussi en assurance d&rsquo;entreprise. Nous comprenons que maintenir et b\u00e2tir une entreprise requi\u00e8rent beaucoup d&rsquo;effort. Voila pourquoi il est important de prot\u00e9ger vos investissements. Notre expertise nous permet d&rsquo;assurer la grande majorit\u00e9 des entreprises qu&rsquo;elle soit petite, moyenne ou [&hellip;]<\/p>\n","protected":false},"author":1,"featured_media":0,"parent":0,"menu_order":0,"comment_status":"closed","ping_status":"closed","template":"","meta":{"footnotes":""},"class_list":["post-26","page","type-page","status-publish","hentry"],"_links":{"self":[{"href":"https:\/\/mccannlaroche.ca\/fr\/wp-json\/wp\/v2\/pages\/26","targetHints":{"allow":["GET"]}}],"collection":[{"href":"https:\/\/mccannlaroche.ca\/fr\/wp-json\/wp\/v2\/pages"}],"about":[{"href":"https:\/\/mccannlaroche.ca\/fr\/wp-json\/wp\/v2\/types\/page"}],"author":[{"embeddable":true,"href":"https:\/\/mccannlaroche.ca\/fr\/wp-json\/wp\/v2\/users\/1"}],"replies":[{"embeddable":true,"href":"https:\/\/mccannlaroche.ca\/fr\/wp-json\/wp\/v2\/comments?post=26"}],"version-history":[{"count":0,"href":"https:\/\/mccannlaroche.ca\/fr\/wp-json\/wp\/v2\/pages\/26\/revisions"}],"wp:attachment":[{"href":"https:\/\/mccannlaroche.ca\/fr\/wp-json\/wp\/v2\/media?parent=26"}],"curies":[{"name":"wp","href":"https:\/\/api.w.org\/{rel}","templated":true}]}}