{"id":2675,"date":"2022-10-22T13:42:00","date_gmt":"2022-10-22T17:42:00","guid":{"rendered":"https:\/\/mccannlaroche.ca\/?page_id=2675"},"modified":"2024-05-22T10:36:52","modified_gmt":"2024-05-22T14:36:52","slug":"carriere","status":"publish","type":"page","link":"https:\/\/mccannlaroche.ca\/fr\/carriere\/","title":{"rendered":"Carri\u00e8re"},"content":{"rendered":"\t\t<div data-elementor-type=\"wp-page\" data-elementor-id=\"2675\" class=\"elementor elementor-2675\" data-elementor-post-type=\"page\">\n\t\t\t\t\t\t<section class=\"elementor-section elementor-top-section elementor-element elementor-element-9a49f1d elementor-section-boxed elementor-section-height-default elementor-section-height-default\" data-id=\"9a49f1d\" data-element_type=\"section\">\n\t\t\t\t\t\t<div class=\"elementor-container elementor-column-gap-default\">\n\t\t\t\t\t<div class=\"elementor-column elementor-col-100 elementor-top-column elementor-element elementor-element-54ac63f\" data-id=\"54ac63f\" data-element_type=\"column\">\n\t\t\t<div class=\"elementor-widget-wrap elementor-element-populated\">\n\t\t\t\t\t\t<div class=\"elementor-element elementor-element-9cbccd8 elementor-widget elementor-widget-heading\" data-id=\"9cbccd8\" data-element_type=\"widget\" data-widget_type=\"heading.default\">\n\t\t\t\t<div class=\"elementor-widget-container\">\n\t\t\t<style>\/*! elementor - v3.21.0 - 08-05-2024 *\/\n.elementor-heading-title{padding:0;margin:0;line-height:1}.elementor-widget-heading .elementor-heading-title[class*=elementor-size-]>a{color:inherit;font-size:inherit;line-height:inherit}.elementor-widget-heading .elementor-heading-title.elementor-size-small{font-size:15px}.elementor-widget-heading .elementor-heading-title.elementor-size-medium{font-size:19px}.elementor-widget-heading .elementor-heading-title.elementor-size-large{font-size:29px}.elementor-widget-heading .elementor-heading-title.elementor-size-xl{font-size:39px}.elementor-widget-heading .elementor-heading-title.elementor-size-xxl{font-size:59px}<\/style><h1 class=\"elementor-heading-title elementor-size-default\"><p class=\"MsoNormal\"><span lang=\"EN-US\">Rejoignez\nnotre \u00c9quipe<o:p><\/o:p><\/span><\/p><\/h1>\t\t<\/div>\n\t\t\t\t<\/div>\n\t\t\t\t\t<\/div>\n\t\t<\/div>\n\t\t\t\t\t<\/div>\n\t\t<\/section>\n\t\t\t\t<section class=\"elementor-section elementor-top-section elementor-element elementor-element-deb9f8b elementor-section-boxed elementor-section-height-default elementor-section-height-default\" data-id=\"deb9f8b\" data-element_type=\"section\">\n\t\t\t\t\t\t<div class=\"elementor-container elementor-column-gap-default\">\n\t\t\t\t\t<div class=\"elementor-column elementor-col-100 elementor-top-column elementor-element elementor-element-8751878\" data-id=\"8751878\" data-element_type=\"column\">\n\t\t\t<div class=\"elementor-widget-wrap elementor-element-populated\">\n\t\t\t\t\t\t<div class=\"elementor-element elementor-element-3c81467 elementor-widget elementor-widget-text-editor\" data-id=\"3c81467\" data-element_type=\"widget\" data-widget_type=\"text-editor.default\">\n\t\t\t\t<div class=\"elementor-widget-container\">\n\t\t\t<style>\/*! elementor - v3.21.0 - 08-05-2024 *\/\n.elementor-widget-text-editor.elementor-drop-cap-view-stacked .elementor-drop-cap{background-color:#69727d;color:#fff}.elementor-widget-text-editor.elementor-drop-cap-view-framed .elementor-drop-cap{color:#69727d;border:3px solid;background-color:transparent}.elementor-widget-text-editor:not(.elementor-drop-cap-view-default) .elementor-drop-cap{margin-top:8px}.elementor-widget-text-editor:not(.elementor-drop-cap-view-default) .elementor-drop-cap-letter{width:1em;height:1em}.elementor-widget-text-editor .elementor-drop-cap{float:left;text-align:center;line-height:1;font-size:50px}.elementor-widget-text-editor .elementor-drop-cap-letter{display:inline-block}<\/style>\t\t\t\t<h4><span style=\"color: #808080;\">Chez Assurance McCann Laroche, nous sommes toujours \u00e0 la recherche de personnes talentueuses et passionn\u00e9es pour se joindre \u00e0 notre \u00e9quipe dynamique. Que vous soyez un professionnel chevronn\u00e9 de l&rsquo;assurance ou un novice passionn\u00e9 par le secteur, nous offrons des opportunit\u00e9s de carri\u00e8re stimulantes dans un environnement collaboratif ax\u00e9 sur la croissance et le d\u00e9veloppement personnel.<\/span><\/h4><h4>\u00a0<span style=\"color: #808080;\">En tant que courtier en assurance de confiance, nous mettons l&rsquo;accent sur l&rsquo;excellence du service \u00e0 la client\u00e8le, l&rsquo;innovation et l&rsquo;int\u00e9grit\u00e9. Nous croyons que notre r\u00e9ussite repose sur le talent et l&rsquo;engagement de nos employ\u00e9s, c&rsquo;est pourquoi nous nous effor\u00e7ons de cr\u00e9er un environnement de travail inclusif o\u00f9 chacun peut s&rsquo;\u00e9panouir et r\u00e9aliser son plein potentiel.<\/span><\/h4><h4>\u00a0<span style=\"color: #808080;\">Que vous soyez int\u00e9ress\u00e9 par la vente, le service \u00e0 la client\u00e8le, la gestion des risques ou d&rsquo;autres aspects passionnants du secteur de l&rsquo;assurance, nous avons des opportunit\u00e9s pour vous. Rejoignez-nous et faites partie d&rsquo;une \u00e9quipe qui valorise votre contribution et vous offre les outils et les ressources dont vous avez besoin pour r\u00e9ussir.<\/span><\/h4><h4><span style=\"color: #808080;\">\u00a0Envoyez-nous votre CV \u00e0 l&rsquo;adresse suivante :<\/span> <span style=\"color: #000000;\"><a style=\"background-color: #ffffff; color: #000000;\" href=\"mailto:mlaroche@mccannassurance.ca\">mlaroche@mccannassurance.ca<\/a><\/span><span style=\"color: #808080;\">. Nous sommes impatients de vous conna\u00eetre et d&rsquo;explorer comment vous pouvez contribuer \u00e0 notre succ\u00e8s commun chez Assurance McCann Laroche.<\/span><\/h4>\t\t\t\t\t\t<\/div>\n\t\t\t\t<\/div>\n\t\t\t\t\t<\/div>\n\t\t<\/div>\n\t\t\t\t\t<\/div>\n\t\t<\/section>\n\t\t\t\t<\/div>\n\t\t","protected":false},"excerpt":{"rendered":"<p>Rejoignez notre \u00c9quipe Chez Assurance McCann Laroche, nous sommes toujours \u00e0 la recherche de personnes talentueuses et passionn\u00e9es pour se joindre \u00e0 notre \u00e9quipe dynamique. Que vous soyez un professionnel chevronn\u00e9 de l&rsquo;assurance ou un novice passionn\u00e9 par le secteur, nous offrons des opportunit\u00e9s de carri\u00e8re stimulantes dans un environnement collaboratif ax\u00e9 sur la croissance [&hellip;]<\/p>\n","protected":false},"author":1,"featured_media":0,"parent":0,"menu_order":0,"comment_status":"closed","ping_status":"closed","template":"","meta":{"footnotes":""},"class_list":["post-2675","page","type-page","status-publish","hentry"],"_links":{"self":[{"href":"https:\/\/mccannlaroche.ca\/fr\/wp-json\/wp\/v2\/pages\/2675","targetHints":{"allow":["GET"]}}],"collection":[{"href":"https:\/\/mccannlaroche.ca\/fr\/wp-json\/wp\/v2\/pages"}],"about":[{"href":"https:\/\/mccannlaroche.ca\/fr\/wp-json\/wp\/v2\/types\/page"}],"author":[{"embeddable":true,"href":"https:\/\/mccannlaroche.ca\/fr\/wp-json\/wp\/v2\/users\/1"}],"replies":[{"embeddable":true,"href":"https:\/\/mccannlaroche.ca\/fr\/wp-json\/wp\/v2\/comments?post=2675"}],"version-history":[{"count":0,"href":"https:\/\/mccannlaroche.ca\/fr\/wp-json\/wp\/v2\/pages\/2675\/revisions"}],"wp:attachment":[{"href":"https:\/\/mccannlaroche.ca\/fr\/wp-json\/wp\/v2\/media?parent=2675"}],"curies":[{"name":"wp","href":"https:\/\/api.w.org\/{rel}","templated":true}]}}