{"id":27,"date":"2018-08-01T07:46:04","date_gmt":"2018-08-01T11:46:04","guid":{"rendered":"https:\/\/demo.keonthemes.com\/insurance-gravity\/?page_id=27"},"modified":"2024-05-14T13:30:57","modified_gmt":"2024-05-14T17:30:57","slug":"assurance-automobile","status":"publish","type":"page","link":"https:\/\/mccannlaroche.ca\/fr\/assurance-automobile\/","title":{"rendered":"Assurance automobile"},"content":{"rendered":"\t\t<div data-elementor-type=\"wp-page\" data-elementor-id=\"27\" class=\"elementor elementor-27\" data-elementor-post-type=\"page\">\n\t\t\t\t\t\t<section class=\"elementor-section elementor-top-section elementor-element elementor-element-3f564326 elementor-section-boxed elementor-section-height-default elementor-section-height-default\" data-id=\"3f564326\" data-element_type=\"section\">\n\t\t\t\t\t\t<div class=\"elementor-container elementor-column-gap-default\">\n\t\t\t\t\t<div class=\"elementor-column elementor-col-100 elementor-top-column elementor-element elementor-element-70befaf2\" data-id=\"70befaf2\" data-element_type=\"column\">\n\t\t\t<div class=\"elementor-widget-wrap elementor-element-populated\">\n\t\t\t\t\t\t<div class=\"elementor-element elementor-element-c1116ea elementor-widget elementor-widget-text-editor\" data-id=\"c1116ea\" data-element_type=\"widget\" data-widget_type=\"text-editor.default\">\n\t\t\t\t<div class=\"elementor-widget-container\">\n\t\t\t<style>\/*! elementor - v3.21.0 - 08-05-2024 *\/\n.elementor-widget-text-editor.elementor-drop-cap-view-stacked .elementor-drop-cap{background-color:#69727d;color:#fff}.elementor-widget-text-editor.elementor-drop-cap-view-framed .elementor-drop-cap{color:#69727d;border:3px solid;background-color:transparent}.elementor-widget-text-editor:not(.elementor-drop-cap-view-default) .elementor-drop-cap{margin-top:8px}.elementor-widget-text-editor:not(.elementor-drop-cap-view-default) .elementor-drop-cap-letter{width:1em;height:1em}.elementor-widget-text-editor .elementor-drop-cap{float:left;text-align:center;line-height:1;font-size:50px}.elementor-widget-text-editor .elementor-drop-cap-letter{display:inline-block}<\/style>\t\t\t\t<!-- wp:heading {\"textAlign\":\"center\",\"style\":{\"typography\":{\"fontStyle\":\"normal\",\"fontWeight\":\"500\",\"fontSize\":\"28px\"}}} -->\n<h2 class=\"wp-block-heading has-text-align-center\" style=\"font-size: 28px; font-style: normal; font-weight: 500;\">Prot\u00e9gez votre voiture avec une assurance adapt\u00e9e \u00e0 vos besoins.<\/h2>\n<!-- \/wp:heading --><!-- wp:paragraph {\"style\":{\"typography\":{\"fontSize\":\"18px\"}},\"textColor\":\"black\"} -->\n<p class=\"has-black-color has-text-color\" style=\"font-size: 18px;\"><strong>L&rsquo;assurance automobile est probablement l&rsquo;assurance la plus courante, cependant plusieurs variables peuvent influencer votre prime.\u00a0<span style=\"color: #344c5c;\">Connaissez-vous les facteurs qui influencent le prix de votre assurance automobile ?<\/span><\/strong><\/p>\n<!-- \/wp:paragraph --><!-- wp:paragraph {\"style\":{\"typography\":{\"fontSize\":\"18px\"}}} -->\n<p style=\"font-size: 18px;\"><strong>L&rsquo;assurance automobile est divis\u00e9e en deux sections, soit le chapitre A et le chapitre B.<\/strong><\/p>\n<!-- \/wp:paragraph --><!-- wp:paragraph {\"style\":{\"typography\":{\"fontSize\":\"18px\"}}} -->\n<p style=\"font-size: 18px;\"><strong><span style=\"color: #344c5c;\">Le chapitre A repr\u00e9sente votre responsabilit\u00e9 civile<\/span>, il prot\u00e8ge les tiers de tous dommages caus\u00e9s par votre v\u00e9hicule lors d&rsquo;un accident responsable. Ce chapitre est obligatoire au Qu\u00e9bec pour un minimum de 50 000$<\/strong><\/p>\n<!-- \/wp:paragraph --><!-- wp:paragraph {\"style\":{\"typography\":{\"fontSize\":\"18px\"}}} -->\n<p style=\"font-size: 18px;\"><strong><span style=\"color: #344c5c;\">Le chapitre B repr\u00e9sente la protection sur votre propre v\u00e9hicule<\/span>. Cette protection peut \u00eatre s\u00e9par\u00e9e en plusieurs cat\u00e9gories (tous risques, collision et versement seulement, sans collision ou versement (feu, vol, vandalisme, bris de vitre..).<\/strong><\/p>\n<!-- \/wp:paragraph --><!-- wp:paragraph {\"style\":{\"typography\":{\"fontSize\":\"18px\"}}} -->\n<p style=\"font-size: 18px;\"><strong>D&rsquo;autre protections peuvent \u00eatre ajout\u00e9es \u00e0 votre police \u00e0 l&rsquo;aide d&rsquo;avenant comme par exemple (valeur \u00e0 neuf, assurance de personne&#8230;)<\/strong><\/p>\n<!-- \/wp:paragraph --><!-- wp:paragraph {\"style\":{\"typography\":{\"fontSize\":\"18px\"}}} -->\n<p style=\"font-size: 18px;\"><strong>Saviez-vous que plusieurs \u00e9l\u00e9ments peuvent faire diminuer votre prime de fa\u00e7on significative. En voici quelques exemples :<\/strong><\/p>\n<!-- \/wp:paragraph --><!-- wp:list {\"style\":{\"typography\":{\"fontSize\":\"18px\"}}} -->\n<ul style=\"font-size: 18px;\"><!-- wp:list-item -->\n<li><strong>Ajouter un syst\u00e8me de protection sur votre v\u00e9hicule (marquage ou syst\u00e8me de rep\u00e9rage)<\/strong><\/li>\n<!-- \/wp:list-item --><!-- wp:list-item -->\n<li><strong>Avoir votre assurance habitation et automobile avec le m\u00eame assureur<\/strong><\/li>\n<!-- \/wp:list-item --><!-- wp:list-item -->\n<li><strong>\u00catre propri\u00e9taire du v\u00e9hicule<\/strong><\/li>\n<!-- \/wp:list-item --><!-- wp:list-item -->\n<li><strong>Avoir un v\u00e9hicule hybride<\/strong><\/li>\n<!-- \/wp:list-item --><!-- wp:list-item -->\n<li><strong>Avoir un dipl\u00f4me universitaire ou faire partie d&rsquo;un ordre professionnel<\/strong><\/li>\n<!-- \/wp:list-item --><\/ul>\n<!-- \/wp:list --><!-- wp:paragraph {\"style\":{\"typography\":{\"fontSize\":\"18px\"}}} -->\n<p style=\"font-size: 18px;\"><strong>Votre assureur prend aussi le temps d&rsquo;\u00e9valuer votre bonne conduite. Pour ce faire, il consulte votre relev\u00e9 de dossier, au Fichier central des sinistres automobiles (FCSA) &#8211; un fichier public auquel vous avez acc\u00e8s vous aussi.<\/strong><\/p>\n<!-- \/wp:paragraph --><!-- wp:paragraph {\"style\":{\"typography\":{\"fontSize\":\"18px\"}}} -->\n<p style=\"font-size: 18px;\"><strong>Le fichier central r\u00e9pertorie les sinistres dans lesquels vous avez \u00e9t\u00e9 impliqu\u00e9 au cours des six derni\u00e8res ann\u00e9es, que vous ayez \u00e9t\u00e9 responsable ou non. Par exemple, un accident, un bris de pare-brise, un vol, etc. Les assureurs consultent le fichier central pour d\u00e9terminer le risque que vous repr\u00e9sentez en tant que conducteur.<\/strong><\/p>\n<!-- \/wp:paragraph --><!-- wp:paragraph {\"style\":{\"typography\":{\"fontSize\":\"18px\"}}} -->\n<p style=\"font-size: 18px;\"><strong>Pour obtenir votre relev\u00e9 de dossier, remplissez le formulaire \u00e0 cet effet et faites-le parvenir au Groupement des assureurs automobiles.<\/strong><\/p>\n<div>\u00a0<\/div>\n<!-- \/wp:buttons -->\t\t\t\t\t\t<\/div>\n\t\t\t\t<\/div>\n\t\t\t\t\t<\/div>\n\t\t<\/div>\n\t\t\t\t\t<\/div>\n\t\t<\/section>\n\t\t\t\t<section class=\"elementor-section elementor-top-section elementor-element elementor-element-66ac996 elementor-section-boxed elementor-section-height-default elementor-section-height-default\" data-id=\"66ac996\" data-element_type=\"section\">\n\t\t\t\t\t\t<div class=\"elementor-container elementor-column-gap-default\">\n\t\t\t\t\t<div class=\"elementor-column elementor-col-100 elementor-top-column elementor-element elementor-element-692a312\" data-id=\"692a312\" data-element_type=\"column\">\n\t\t\t<div class=\"elementor-widget-wrap elementor-element-populated\">\n\t\t\t\t\t\t<div class=\"elementor-element elementor-element-7b91263 elementor-widget elementor-widget-button\" data-id=\"7b91263\" data-element_type=\"widget\" data-widget_type=\"button.default\">\n\t\t\t\t<div class=\"elementor-widget-container\">\n\t\t\t\t\t<div class=\"elementor-button-wrapper\">\n\t\t\t<a class=\"elementor-button elementor-button-link elementor-size-sm\" href=\"https:\/\/mccannlaroche.ca\/fr\/contact-us\/\">\n\t\t\t\t\t\t<span class=\"elementor-button-content-wrapper\">\n\t\t\t\t\t\t\t\t\t<span class=\"elementor-button-text\">Obtenir une soumission<\/span>\n\t\t\t\t\t<\/span>\n\t\t\t\t\t<\/a>\n\t\t<\/div>\n\t\t\t\t<\/div>\n\t\t\t\t<\/div>\n\t\t\t\t\t<\/div>\n\t\t<\/div>\n\t\t\t\t\t<\/div>\n\t\t<\/section>\n\t\t\t\t<\/div>\n\t\t","protected":false},"excerpt":{"rendered":"<p>Prot\u00e9gez votre voiture avec une assurance adapt\u00e9e \u00e0 vos besoins. L&rsquo;assurance automobile est probablement l&rsquo;assurance la plus courante, cependant plusieurs variables peuvent influencer votre prime.\u00a0Connaissez-vous les facteurs qui influencent le prix de votre assurance automobile ? L&rsquo;assurance automobile est divis\u00e9e en deux sections, soit le chapitre A et le chapitre B. Le chapitre A repr\u00e9sente [&hellip;]<\/p>\n","protected":false},"author":1,"featured_media":0,"parent":0,"menu_order":0,"comment_status":"closed","ping_status":"closed","template":"","meta":{"footnotes":""},"class_list":["post-27","page","type-page","status-publish","hentry"],"_links":{"self":[{"href":"https:\/\/mccannlaroche.ca\/fr\/wp-json\/wp\/v2\/pages\/27","targetHints":{"allow":["GET"]}}],"collection":[{"href":"https:\/\/mccannlaroche.ca\/fr\/wp-json\/wp\/v2\/pages"}],"about":[{"href":"https:\/\/mccannlaroche.ca\/fr\/wp-json\/wp\/v2\/types\/page"}],"author":[{"embeddable":true,"href":"https:\/\/mccannlaroche.ca\/fr\/wp-json\/wp\/v2\/users\/1"}],"replies":[{"embeddable":true,"href":"https:\/\/mccannlaroche.ca\/fr\/wp-json\/wp\/v2\/comments?post=27"}],"version-history":[{"count":0,"href":"https:\/\/mccannlaroche.ca\/fr\/wp-json\/wp\/v2\/pages\/27\/revisions"}],"wp:attachment":[{"href":"https:\/\/mccannlaroche.ca\/fr\/wp-json\/wp\/v2\/media?parent=27"}],"curies":[{"name":"wp","href":"https:\/\/api.w.org\/{rel}","templated":true}]}}