{"id":3355,"date":"2024-05-14T11:48:24","date_gmt":"2024-05-14T15:48:24","guid":{"rendered":"https:\/\/mccannlaroche.ca\/?page_id=3355"},"modified":"2024-05-22T10:43:13","modified_gmt":"2024-05-22T14:43:13","slug":"assurance-sous-standard","status":"publish","type":"page","link":"https:\/\/mccannlaroche.ca\/fr\/assurance-sous-standard\/","title":{"rendered":"Assurance sous-standard"},"content":{"rendered":"\t\t<div data-elementor-type=\"wp-page\" data-elementor-id=\"3355\" class=\"elementor elementor-3355\" data-elementor-post-type=\"page\">\n\t\t\t\t\t\t<section class=\"elementor-section elementor-top-section elementor-element elementor-element-310ed391 elementor-section-boxed elementor-section-height-default elementor-section-height-default\" data-id=\"310ed391\" data-element_type=\"section\">\n\t\t\t\t\t\t<div class=\"elementor-container elementor-column-gap-default\">\n\t\t\t\t\t<div class=\"elementor-column elementor-col-100 elementor-top-column elementor-element elementor-element-24de1d66\" data-id=\"24de1d66\" data-element_type=\"column\">\n\t\t\t<div class=\"elementor-widget-wrap elementor-element-populated\">\n\t\t\t\t\t\t<div class=\"elementor-element elementor-element-55caf9b elementor-widget elementor-widget-heading\" data-id=\"55caf9b\" data-element_type=\"widget\" data-widget_type=\"heading.default\">\n\t\t\t\t<div class=\"elementor-widget-container\">\n\t\t\t<style>\/*! elementor - v3.21.0 - 08-05-2024 *\/\n.elementor-heading-title{padding:0;margin:0;line-height:1}.elementor-widget-heading .elementor-heading-title[class*=elementor-size-]>a{color:inherit;font-size:inherit;line-height:inherit}.elementor-widget-heading .elementor-heading-title.elementor-size-small{font-size:15px}.elementor-widget-heading .elementor-heading-title.elementor-size-medium{font-size:19px}.elementor-widget-heading .elementor-heading-title.elementor-size-large{font-size:29px}.elementor-widget-heading .elementor-heading-title.elementor-size-xl{font-size:39px}.elementor-widget-heading .elementor-heading-title.elementor-size-xxl{font-size:59px}<\/style><h2 class=\"elementor-heading-title elementor-size-default\"><h2 style=\"font-weight: 500; font-size: 28px; white-space-collapse: collapse;\">Assurance sous-standard.<\/h2><\/h2>\t\t<\/div>\n\t\t\t\t<\/div>\n\t\t\t\t<div class=\"elementor-element elementor-element-5935c51 elementor-widget elementor-widget-text-editor\" data-id=\"5935c51\" data-element_type=\"widget\" data-widget_type=\"text-editor.default\">\n\t\t\t\t<div class=\"elementor-widget-container\">\n\t\t\t<style>\/*! elementor - v3.21.0 - 08-05-2024 *\/\n.elementor-widget-text-editor.elementor-drop-cap-view-stacked .elementor-drop-cap{background-color:#69727d;color:#fff}.elementor-widget-text-editor.elementor-drop-cap-view-framed .elementor-drop-cap{color:#69727d;border:3px solid;background-color:transparent}.elementor-widget-text-editor:not(.elementor-drop-cap-view-default) .elementor-drop-cap{margin-top:8px}.elementor-widget-text-editor:not(.elementor-drop-cap-view-default) .elementor-drop-cap-letter{width:1em;height:1em}.elementor-widget-text-editor .elementor-drop-cap{float:left;text-align:center;line-height:1;font-size:50px}.elementor-widget-text-editor .elementor-drop-cap-letter{display:inline-block}<\/style>\t\t\t\t<h4 class=\"MsoNormal\"><span lang=\"EN-US\" style=\"color: #808080;\">Assurance de Dommages Sous-Standard : <span style=\"color: #000000;\">Prot\u00e9gez ce qui compte le plus<\/span><\/span><\/h4>\n<h4 class=\"MsoNormal\"><span lang=\"EN-US\" style=\"color: #808080;\">\u00a0<\/span><\/h4>\n<h4 class=\"MsoNormal\"><span lang=\"EN-US\" style=\"color: #808080;\"><span style=\"color: #000000;\">Chez Assurance McCann Laroche<\/span> nous comprenons que chaque client est unique, tout comme ses besoins en assurance. C&rsquo;est pourquoi nous sommes fiers de vous offrir notre gamme de produits d&rsquo;assurance sous-standard, con\u00e7us pour r\u00e9pondre aux besoins sp\u00e9cifiques des clients pr\u00e9sentant des risques particuliers.<\/span><\/h4>\n<h4 class=\"MsoNormal\"><span lang=\"EN-US\" style=\"color: #808080;\">\u00a0<\/span>Qu&rsquo;est-ce que l&rsquo;assurance sous-standard ?<span style=\"color: #808080;\"> C&rsquo;est une solution d&rsquo;assurance flexible et adapt\u00e9e aux clients qui peuvent rencontrer des difficult\u00e9s \u00e0 obtenir une couverture standard en raison de divers facteurs tels que des ant\u00e9c\u00e9dents de sinistres, des situations financi\u00e8res complexes ou des propri\u00e9t\u00e9s \u00e0 haut risque.<\/span><\/h4>\n<h4 class=\"MsoNormal\"><span lang=\"EN-US\" style=\"color: #808080;\">\u00a0<\/span>Nos produits d&rsquo;assurance sous-standard<span style=\"color: #808080;\"> offrent une protection fiable et sur mesure pour une vari\u00e9t\u00e9 de besoins, y compris :<\/span><\/h4>\n<h4 class=\"MsoNormal\"><span lang=\"EN-US\" style=\"color: #808080;\">\u00a0<\/span>1. Assurance Habitation :<span style=\"color: #808080;\"> Pour les propri\u00e9taires et les locataires dont les maisons pr\u00e9sentent des risques particuliers, nous offrons une couverture compl\u00e8te pour prot\u00e9ger votre maison et vos biens contre les dommages caus\u00e9s par les incendies, les catastrophes naturelles et d&rsquo;autres \u00e9v\u00e9nements impr\u00e9vus.<\/span><\/h4>\n<h4 class=\"MsoNormal\"><span lang=\"EN-US\" style=\"color: #808080;\">\u00a0<\/span>2. Assurance Automobile :<span style=\"color: #808080;\"> Que vous ayez un historique de conduite peu conventionnel ou que vous conduisiez un v\u00e9hicule \u00e0 haut risque, notre assurance automobile sous-standard vous offre une protection sur mesure pour vous et votre v\u00e9hicule, quelle que soit votre situation.<\/span><\/h4>\n<h4 class=\"MsoNormal\"><span lang=\"EN-US\" style=\"color: #808080;\">\u00a0<\/span>3. Assurance Responsabilit\u00e9 Civile :<span style=\"color: #808080;\"> Prot\u00e9gez-vous contre les r\u00e9clamations et les poursuites potentielles avec notre assurance responsabilit\u00e9 civile sous-standard, con\u00e7ue pour couvrir les risques sp\u00e9cifiques auxquels vous pourriez \u00eatre expos\u00e9 en raison de votre situation individuelle.<\/span><\/h4>\n<h4 class=\"MsoNormal\"><span lang=\"EN-US\" style=\"color: #808080;\">\u00a0<\/span><\/h4>\n<h4 class=\"MsoNormal\"><span lang=\"EN-US\" style=\"color: #808080;\">En tant que courtier en assurance de dommages, nous travaillons en \u00e9troite collaboration avec nos clients pour comprendre leurs besoins uniques et leur offrir des solutions d&rsquo;assurance personnalis\u00e9es qui leur offrent la tranquillit\u00e9 d&rsquo;esprit dont ils ont besoin. Avec notre expertise et notre engagement envers le service \u00e0 la client\u00e8le, vous pouvez avoir confiance en notre capacit\u00e9 \u00e0 vous fournir la meilleure protection possible, <span style=\"color: #000000;\">m\u00eame dans les situations les plus complexes.<\/span><\/span><\/h4>\t\t\t\t\t\t<\/div>\n\t\t\t\t<\/div>\n\t\t\t\t<div class=\"elementor-element elementor-element-23090d49 elementor-widget elementor-widget-text-editor\" data-id=\"23090d49\" data-element_type=\"widget\" data-widget_type=\"text-editor.default\">\n\t\t\t\t<div class=\"elementor-widget-container\">\n\t\t\t\t\t\t\t<p><!-- wp:heading {\"textAlign\":\"center\",\"style\":{\"typography\":{\"fontStyle\":\"normal\",\"fontWeight\":\"500\",\"fontSize\":\"28px\"}}} --><\/p>\n<h2 class=\"wp-block-heading has-text-align-center\" style=\"font-size: 28px; font-style: normal; font-weight: 500;\"><br><\/h2>\n<p><!-- \/wp:heading --><\/p>\n<p><!-- wp:paragraph {\"style\":{\"typography\":{\"fontSize\":\"18px\"}},\"textColor\":\"black\"} --><\/p>\n<p style=\"font-size: 18px;\">\n<\/p><p><!-- \/wp:paragraph --><\/p>\n<p><!-- wp:buttons --><\/p>\n<div class=\"wp-block-buttons\">\n<p><!-- wp:button {\"style\":{\"border\":{\"radius\":\"45px\"},\"color\":{\"background\":\"#446781\"},\"typography\":{\"fontStyle\":\"normal\",\"fontWeight\":\"700\"}},\"fontSize\":\"regular\"} --><\/p>\n<div class=\"wp-block-button has-custom-font-size has-regular-font-size\" style=\"font-style: normal; font-weight: bold;\"><a class=\"wp-block-button__link has-background wp-element-button\" style=\"border-radius: 45px; background-color: #446781;\" href=\"https:\/\/mccannlaroche.ca\/?page_id=2723\">Demander une soumission<\/a><\/div>\n<p><!-- \/wp:button --><\/p>\n<\/div>\t\t\t\t\t\t<\/div>\n\t\t\t\t<\/div>\n\t\t\t\t\t<\/div>\n\t\t<\/div>\n\t\t\t\t\t<\/div>\n\t\t<\/section>\n\t\t\t\t<section class=\"elementor-section elementor-top-section elementor-element elementor-element-827c8a4 elementor-section-boxed elementor-section-height-default elementor-section-height-default\" data-id=\"827c8a4\" data-element_type=\"section\">\n\t\t\t\t\t\t<div class=\"elementor-container elementor-column-gap-default\">\n\t\t\t\t\t<div class=\"elementor-column elementor-col-100 elementor-top-column elementor-element elementor-element-107056c\" data-id=\"107056c\" data-element_type=\"column\">\n\t\t\t<div class=\"elementor-widget-wrap\">\n\t\t\t\t\t\t\t<\/div>\n\t\t<\/div>\n\t\t\t\t\t<\/div>\n\t\t<\/section>\n\t\t\t\t<\/div>\n\t\t","protected":false},"excerpt":{"rendered":"<p>Assurance sous-standard. Assurance de Dommages Sous-Standard : Prot\u00e9gez ce qui compte le plus \u00a0 Chez Assurance McCann Laroche nous comprenons que chaque client est unique, tout comme ses besoins en assurance. C&rsquo;est pourquoi nous sommes fiers de vous offrir notre gamme de produits d&rsquo;assurance sous-standard, con\u00e7us pour r\u00e9pondre aux besoins sp\u00e9cifiques des clients pr\u00e9sentant des [&hellip;]<\/p>\n","protected":false},"author":1,"featured_media":0,"parent":0,"menu_order":0,"comment_status":"closed","ping_status":"closed","template":"","meta":{"footnotes":""},"class_list":["post-3355","page","type-page","status-publish","hentry"],"_links":{"self":[{"href":"https:\/\/mccannlaroche.ca\/fr\/wp-json\/wp\/v2\/pages\/3355","targetHints":{"allow":["GET"]}}],"collection":[{"href":"https:\/\/mccannlaroche.ca\/fr\/wp-json\/wp\/v2\/pages"}],"about":[{"href":"https:\/\/mccannlaroche.ca\/fr\/wp-json\/wp\/v2\/types\/page"}],"author":[{"embeddable":true,"href":"https:\/\/mccannlaroche.ca\/fr\/wp-json\/wp\/v2\/users\/1"}],"replies":[{"embeddable":true,"href":"https:\/\/mccannlaroche.ca\/fr\/wp-json\/wp\/v2\/comments?post=3355"}],"version-history":[{"count":0,"href":"https:\/\/mccannlaroche.ca\/fr\/wp-json\/wp\/v2\/pages\/3355\/revisions"}],"wp:attachment":[{"href":"https:\/\/mccannlaroche.ca\/fr\/wp-json\/wp\/v2\/media?parent=3355"}],"curies":[{"name":"wp","href":"https:\/\/api.w.org\/{rel}","templated":true}]}}