{"id":565,"date":"2018-12-16T10:16:52","date_gmt":"2018-12-16T10:16:52","guid":{"rendered":"https:\/\/demo.keonthemes.com\/insurance-gravity\/?page_id=565"},"modified":"2022-12-08T16:47:34","modified_gmt":"2022-12-08T21:47:34","slug":"health-insurance-kfi-plus-box","status":"publish","type":"page","link":"https:\/\/mccannlaroche.ca\/fr\/health-insurance-kfi-plus-box\/","title":{"rendered":"Assurance TEST"},"content":{"rendered":"\n<p>L&rsquo;assurance habitation est l&rsquo;une des assurances les plus importantes car elle prot\u00e8ge un \u00e9norme investissement ainsi que tous vos biens personnels.<strong>&nbsp;Plusieurs facteurs peuvent influencer vos protections et votre prime. Afin d&rsquo;avoir les meilleures protections possibles et \u00e9viter les surprises il est fortement recommand\u00e9 de transiger avec des professionnels qui pourront vous guider dans votre d\u00e9cision.<\/strong><\/p>\n\n\n\n<p>McCann assurance vous offre plusieurs polices d&rsquo;assurance et protections pour couvrir votre r\u00e9sidence, votre logement, votre condominium, votre chalet, ainsi que vos biens, tel que bijoux, fourrures, ordinateurs, embarcations, \u00e9quipement de sport, etc.<\/p>\n\n\n\n<p>L&rsquo;assurance habitation est divis\u00e9e en deux sections soit la responsabilit\u00e9 civile et l&rsquo;assurance b\u00e2timent et biens.<\/p>\n\n\n\n<p>La responsabilit\u00e9 civile&nbsp;<strong>vous prot\u00e8ge contre tous dommages mat\u00e9riels et corporels caus\u00e9s \u00e0 un tiers.<\/strong>&nbsp;<strong>Elle vous<\/strong>&nbsp;couvre notamment contre les poursuites pour des blessures ou des dommages non intentionnels que vous pourriez causer aux autres ou \u00e0 leurs biens par votre n\u00e9gligence.<\/p>\n\n\n\n<p><strong>L&rsquo;assurance du b\u00e2timent\/biens<\/strong>&nbsp;prot\u00e8ge votre maison ainsi que vos biens. Il existe plusieurs plans de protections,&nbsp;ces plans peuvent varier d&rsquo;une compagnie \u00e0 l&rsquo;autre. Par exemple, il est important de d\u00e9terminer si un assur\u00e9 veut couvrir les dommages par eau (refoulement d&rsquo;\u00e9gout) car ce sinistre est souvent exclu des protections de base.<\/p>\n\n\n\n<p>De plus, plusieurs \u00e9l\u00e9ments peuvent faire diminuer votre prime. Nous prenons le temps de v\u00e9rifier chaque variable afin d&rsquo;offrir \u00e0 nos clients la meilleure prime possible. Voici quelques exemples qui pourraient faire baisser votre prime :<\/p>\n\n\n\n<ul class=\"wp-block-list\"><li>Aucun fumeur dans la maison<\/li><li>Stabilit\u00e9 (vivre plus de 3 ans \u00e0 la m\u00eame adresse)<\/li><li>Avoir une assurance automobile avec le m\u00eame assureur<\/li><li>Avoir un syst\u00e8me d&rsquo;alarme<\/li><\/ul>\n\n\n\n<p>Nous savons qu&rsquo;il n&rsquo;est pas facile d&rsquo;\u00e9valuer la valeur des biens-meubles que vous poss\u00e9dez. Afin de vous aider, vous trouverez plus bas un formulaire d&rsquo;inventaire de biens. Ce formulaire peut vous aider \u00e0 d\u00e9terminer la valeur totale de vos biens.<\/p>\n\n\n\n<div class=\"wp-block-buttons is-layout-flex wp-block-buttons-is-layout-flex\">\n<div class=\"wp-block-button has-custom-font-size is-style-outline has-regular-font-size is-style-outline--1\"><a class=\"wp-block-button__link has-white-color has-text-color has-background\" style=\"border-radius:35px;background-color:#227122\">Obtenez une soumission<\/a><\/div>\n<\/div>\n","protected":false},"excerpt":{"rendered":"<p>L&rsquo;assurance habitation est l&rsquo;une des assurances les plus importantes car elle prot\u00e8ge un \u00e9norme investissement ainsi que tous vos biens personnels.&nbsp;Plusieurs facteurs peuvent influencer vos protections et votre prime. Afin d&rsquo;avoir les meilleures protections possibles et \u00e9viter les surprises il est fortement recommand\u00e9 de transiger avec des professionnels qui pourront vous guider dans votre d\u00e9cision. [&hellip;]<\/p>\n","protected":false},"author":1,"featured_media":0,"parent":0,"menu_order":0,"comment_status":"closed","ping_status":"closed","template":"","meta":{"footnotes":""},"class_list":["post-565","page","type-page","status-publish","hentry"],"_links":{"self":[{"href":"https:\/\/mccannlaroche.ca\/fr\/wp-json\/wp\/v2\/pages\/565","targetHints":{"allow":["GET"]}}],"collection":[{"href":"https:\/\/mccannlaroche.ca\/fr\/wp-json\/wp\/v2\/pages"}],"about":[{"href":"https:\/\/mccannlaroche.ca\/fr\/wp-json\/wp\/v2\/types\/page"}],"author":[{"embeddable":true,"href":"https:\/\/mccannlaroche.ca\/fr\/wp-json\/wp\/v2\/users\/1"}],"replies":[{"embeddable":true,"href":"https:\/\/mccannlaroche.ca\/fr\/wp-json\/wp\/v2\/comments?post=565"}],"version-history":[{"count":0,"href":"https:\/\/mccannlaroche.ca\/fr\/wp-json\/wp\/v2\/pages\/565\/revisions"}],"wp:attachment":[{"href":"https:\/\/mccannlaroche.ca\/fr\/wp-json\/wp\/v2\/media?parent=565"}],"curies":[{"name":"wp","href":"https:\/\/api.w.org\/{rel}","templated":true}]}}