{"id":570,"date":"2018-12-16T10:18:09","date_gmt":"2018-12-16T15:18:09","guid":{"rendered":"https:\/\/demo.keonthemes.com\/insurance-gravity\/?page_id=570"},"modified":"2023-03-05T14:51:07","modified_gmt":"2023-03-05T19:51:07","slug":"life-insurance-kfi-shield-alt","status":"publish","type":"page","link":"https:\/\/mccannlaroche.ca\/fr\/life-insurance-kfi-shield-alt\/","title":{"rendered":"Assurance entreprise"},"content":{"rendered":"\n<h2 class=\"has-text-align-center wp-block-heading\"><img decoding=\"async\" width=\"75\" height=\"70\" class=\"wp-image-2925\" style=\"width: 75px;\" src=\"https:\/\/mccannlaroche.ca\/wp-content\/uploads\/2020\/01\/shield-commerciale.jpg\" alt=\"\" srcset=\"https:\/\/mccannlaroche.ca\/wp-content\/uploads\/2020\/01\/shield-commerciale.jpg 648w, https:\/\/mccannlaroche.ca\/wp-content\/uploads\/2020\/01\/shield-commerciale-300x280.jpg 300w\" sizes=\"(max-width: 75px) 100vw, 75px\" \/><img decoding=\"async\" width=\"450\" height=\"70\" class=\"wp-image-2926\" style=\"width: 450px;\" src=\"https:\/\/mccannlaroche.ca\/wp-content\/uploads\/2020\/01\/assurance-entreprise.png\" alt=\"\" srcset=\"https:\/\/mccannlaroche.ca\/wp-content\/uploads\/2020\/01\/assurance-entreprise.png 730w, https:\/\/mccannlaroche.ca\/wp-content\/uploads\/2020\/01\/assurance-entreprise-300x47.png 300w\" sizes=\"(max-width: 450px) 100vw, 450px\" \/><\/h2>\n\n\n\n<p><\/p>\n\n\n\n<p class=\"has-black-color has-text-color has-regular-font-size\"><strong><font color=\"#227122\">McCann assurance se sp\u00e9cialise aussi en assurance d&rsquo;entreprise.<\/font><\/strong> Nous comprenons que maintenir et b\u00e2tir une entreprise requi\u00e8rent beaucoup d&rsquo;effort. Voila pourquoi il est important de prot\u00e9ger vos investissements.<\/p>\n\n\n\n<p class=\"has-black-color has-text-color has-regular-font-size\">Notre expertise nous permet d&rsquo;assurer la grande majorit\u00e9 des entreprises qu&rsquo;elle soit petite, moyenne ou grande. La diversit\u00e9 de nos assureurs nous permet de vous offrir la protection la mieux adapt\u00e9e \u00e0 votre compagnie.<\/p>\n\n\n\n<p class=\"has-black-color has-text-color has-regular-font-size\"><strong><font color=\"#227122\">Nous offrons des produits adapt\u00e9s \u00e0 une panoplie d&rsquo;entreprise diff\u00e9rente.<\/font><\/strong><\/p>\n\n\n\n<ul class=\"has-black-color has-text-color has-regular-font-size wp-block-list\"><li>Entrepreneur g\u00e9n\u00e9rale<\/li><li>Bureau professionnel (Avocat, Courtier, Dentiste&#8230;)<\/li><li>Salon de beaut\u00e9\/coiffure<\/li><li>Restaurant<\/li><li>Placement de personnel<\/li><li>M\u00e9tier en construction (\u00e9lectricien, peinture&#8230;)<\/li><li>Immeuble commercial<\/li><li>Flotte de v\u00e9hicule<\/li><li>et plusieurs autres domaines<\/li><\/ul>\n\n\n\n<div class=\"wp-block-buttons is-layout-flex wp-block-buttons-is-layout-flex\">\n<div class=\"wp-block-button\"><a class=\"wp-block-button__link has-background\" style=\"background-color:#227122\">Contacter nous pour une soumission<\/a><\/div>\n<\/div>\n","protected":false},"excerpt":{"rendered":"<p>McCann assurance se sp\u00e9cialise aussi en assurance d&rsquo;entreprise. Nous comprenons que maintenir et b\u00e2tir une entreprise requi\u00e8rent beaucoup d&rsquo;effort. Voila pourquoi il est important de prot\u00e9ger vos investissements. Notre expertise nous permet d&rsquo;assurer la grande majorit\u00e9 des entreprises qu&rsquo;elle soit petite, moyenne ou grande. La diversit\u00e9 de nos assureurs nous permet de vous offrir la [&hellip;]<\/p>\n","protected":false},"author":1,"featured_media":0,"parent":0,"menu_order":0,"comment_status":"closed","ping_status":"closed","template":"","meta":{"footnotes":""},"class_list":["post-570","page","type-page","status-publish","hentry"],"_links":{"self":[{"href":"https:\/\/mccannlaroche.ca\/fr\/wp-json\/wp\/v2\/pages\/570","targetHints":{"allow":["GET"]}}],"collection":[{"href":"https:\/\/mccannlaroche.ca\/fr\/wp-json\/wp\/v2\/pages"}],"about":[{"href":"https:\/\/mccannlaroche.ca\/fr\/wp-json\/wp\/v2\/types\/page"}],"author":[{"embeddable":true,"href":"https:\/\/mccannlaroche.ca\/fr\/wp-json\/wp\/v2\/users\/1"}],"replies":[{"embeddable":true,"href":"https:\/\/mccannlaroche.ca\/fr\/wp-json\/wp\/v2\/comments?post=570"}],"version-history":[{"count":0,"href":"https:\/\/mccannlaroche.ca\/fr\/wp-json\/wp\/v2\/pages\/570\/revisions"}],"wp:attachment":[{"href":"https:\/\/mccannlaroche.ca\/fr\/wp-json\/wp\/v2\/media?parent=570"}],"curies":[{"name":"wp","href":"https:\/\/api.w.org\/{rel}","templated":true}]}}